{"id":71,"date":"2013-03-13T15:59:19","date_gmt":"2013-03-13T14:59:19","guid":{"rendered":"http:\/\/tpm2025-natationazur.fr\/?page_id=71"},"modified":"2026-02-23T11:23:28","modified_gmt":"2026-02-23T10:23:28","slug":"ou-et-comment-sinscrire","status":"publish","type":"page","link":"http:\/\/tpm2025-natationazur.fr\/?page_id=71","title":{"rendered":"Inscription"},"content":{"rendered":"\n<p class=\"has-text-align-center has-white-color has-blue-background-color has-text-color has-background has-link-color has-medium-font-size wp-elements-1840a9eacab510e3699cddeff5861281\"><strong>ACTIVITES AQUATIQUES &#8211; Natation Azur Vallon du soleil&nbsp;(La Crau)<\/strong><\/p>\n\n\n\n<p class=\"has-text-align-center has-white-color has-text-color has-background has-link-color wp-elements-1aa9585a9d934e844e0906cbc1d75da4\" style=\"background-color:#cd4545\"><strong>Inscriptions (renseignements)&nbsp;\u00e0 l\u2019accueil du site<\/strong><\/p>\n\n\n\n<p class=\"has-text-align-center has-white-color has-text-color has-background has-link-color wp-elements-d444d6a03b340556fa35dda7b8f1f3af\" style=\"background-color:#cd4545\"><strong>Du Lundi 1er juin au Vendredi 31 ao\u00fbt 2025<\/strong><\/p>\n\n\n\n<ul class=\"wp-block-list\">\n<li class=\"has-blue-color has-text-color has-link-color has-medium-font-size wp-elements-e2a633c2bfdc6c89337447faa5818cef\"><strong>Mardi 19 et 26 mai\u00a0 &#8211; 10h \u00e0 12h<\/strong><\/li>\n\n\n\n<li class=\"has-blue-color has-text-color has-link-color has-medium-font-size wp-elements-1123f6356d171df3322a6483e70cec74\"><strong>Jeudi 21 et 28\u00a0mai &#8211; 12h \u00e0 14h<\/strong><\/li>\n\n\n\n<li class=\"has-blue-color has-text-color has-link-color has-medium-font-size wp-elements-84465ff6a8f4a8d7d4f8b8aeda757878\"><strong>Mercredi 20 et 27 mai &#8211; 16h \u00e0 18h<\/strong><\/li>\n<\/ul>\n\n\n\n<p><strong>Du\u00a01er<\/strong><strong> au 15 juin <\/strong><strong>: <\/strong>permanence <strong>L<\/strong><strong>undi et vendredi de13h00 \u00e0 17h00 &#8211; Mardi, mercredi et jeudi de 8h30 \u00e0 12h30 et de 13h15 \u00e0 16h00. Apr\u00e8s le 15 juin : <\/strong>aux horaires des activit\u00e9s<\/p>\n\n\n\n<p>Pour de plus amples renseignements nous contacter au&nbsp;<strong>06.89.70.68.18<\/strong>&nbsp;<strong>\u00e0 partir du 19 mai <\/strong>ou consulter le site internet&nbsp;:<strong>http:\/\/tpm-natationazur.fr<\/strong><\/p>\n\n\n\n<p class=\"has-text-align-center\"><em>(En cas d\u2019indisponibilit\u00e9&nbsp;laissez-nous&nbsp;un message, nous vous rappellerons dans les plus brefs&nbsp;d\u00e9lais)<\/em><\/p>\n","protected":false},"excerpt":{"rendered":"<p>ACTIVITES AQUATIQUES &#8211; Natation Azur Vallon du soleil&nbsp;(La Crau) Inscriptions (renseignements)&nbsp;\u00e0 l\u2019accueil du site Du Lundi 1er juin au Vendredi 31 ao\u00fbt 2025 Du\u00a01er au 15 juin : permanence Lundi et vendredi de13h00 \u00e0 17h00 &#8211; Mardi, mercredi et jeudi &hellip; <a href=\"http:\/\/tpm2025-natationazur.fr\/?page_id=71\">Continuer la lecture <span class=\"meta-nav\">&rarr;<\/span><\/a><\/p>\n","protected":false},"author":1,"featured_media":0,"parent":0,"menu_order":0,"comment_status":"closed","ping_status":"closed","template":"sidebar-page.php","meta":{"footnotes":""},"class_list":["post-71","page","type-page","status-publish","hentry"],"_links":{"self":[{"href":"http:\/\/tpm2025-natationazur.fr\/index.php?rest_route=\/wp\/v2\/pages\/71","targetHints":{"allow":["GET"]}}],"collection":[{"href":"http:\/\/tpm2025-natationazur.fr\/index.php?rest_route=\/wp\/v2\/pages"}],"about":[{"href":"http:\/\/tpm2025-natationazur.fr\/index.php?rest_route=\/wp\/v2\/types\/page"}],"author":[{"embeddable":true,"href":"http:\/\/tpm2025-natationazur.fr\/index.php?rest_route=\/wp\/v2\/users\/1"}],"replies":[{"embeddable":true,"href":"http:\/\/tpm2025-natationazur.fr\/index.php?rest_route=%2Fwp%2Fv2%2Fcomments&post=71"}],"version-history":[{"count":48,"href":"http:\/\/tpm2025-natationazur.fr\/index.php?rest_route=\/wp\/v2\/pages\/71\/revisions"}],"predecessor-version":[{"id":838,"href":"http:\/\/tpm2025-natationazur.fr\/index.php?rest_route=\/wp\/v2\/pages\/71\/revisions\/838"}],"wp:attachment":[{"href":"http:\/\/tpm2025-natationazur.fr\/index.php?rest_route=%2Fwp%2Fv2%2Fmedia&parent=71"}],"curies":[{"name":"wp","href":"https:\/\/api.w.org\/{rel}","templated":true}]}}